{"id":615,"date":"2023-05-04T19:17:56","date_gmt":"2023-05-05T01:17:56","guid":{"rendered":"http:\/\/mezcalmiquerencia.com\/home-2\/"},"modified":"2025-10-04T20:26:48","modified_gmt":"2025-10-05T02:26:48","slug":"home-2","status":"publish","type":"page","link":"https:\/\/mezcalmiquerencia.com\/en\/","title":{"rendered":"HOME"},"content":{"rendered":"<div class=\"wp-block-uagb-container uagb-block-7f5230af alignwide uagb-is-root-container\">\n\n<div class=\"inherit-container-width wp-block-group alignfull is-layout-constrained\">\n\n<header class=\"wp-block-cover alignfull has-medium-font-size\" style=\"margin-top:0;padding-top:0;padding-right:0;padding-bottom:0;padding-left:0;min-height:305px\"><span aria-hidden=\"true\" class=\"wp-block-cover__background has-black-background-color has-background-dim-0 has-background-dim\"><\/span><img decoding=\"async\" loading=\"lazy\" width=\"1301\" height=\"435\" class=\"wp-block-cover__image-background wp-image-1127\" alt=\"\" src=\"http:\/\/mezcalmiquerencia.com\/wp-content\/uploads\/2023\/06\/crop-0-0-1301-435-0-Fondo5.jpg\" style=\"object-position:21% 13%\" data-object-fit=\"cover\" data-object-position=\"21% 13%\" srcset=\"https:\/\/mezcalmiquerencia.com\/wp-content\/uploads\/2023\/06\/crop-0-0-1301-435-0-Fondo5.jpg 1301w, https:\/\/mezcalmiquerencia.com\/wp-content\/uploads\/2023\/06\/crop-0-0-1301-435-0-Fondo5-300x100.jpg 300w, https:\/\/mezcalmiquerencia.com\/wp-content\/uploads\/2023\/06\/crop-0-0-1301-435-0-Fondo5-1024x342.jpg 1024w, https:\/\/mezcalmiquerencia.com\/wp-content\/uploads\/2023\/06\/crop-0-0-1301-435-0-Fondo5-768x257.jpg 768w, https:\/\/mezcalmiquerencia.com\/wp-content\/uploads\/2023\/06\/crop-0-0-1301-435-0-Fondo5-18x6.jpg 18w, https:\/\/mezcalmiquerencia.com\/wp-content\/uploads\/2023\/06\/crop-0-0-1301-435-0-Fondo5-600x201.jpg 600w\" sizes=\"(max-width: 1301px) 100vw, 1301px\" \/><div class=\"wp-block-cover__inner-container\">\n\n<p class=\"has-text-align-center has-large-font-size\"><\/p>\n\n<\/div><\/header>\n\n<\/div>\n\n<\/div>\n\n\n\n<section class=\"wp-block-uagb-columns uagb-columns__wrap uagb-columns__background-none uagb-columns__stack-mobile uagb-columns__valign-center uagb-columns__gap-10 align uagb-block-1eff5fa6 uagb-columns__columns-1 uagb-columns__max_width-theme\"><div class=\"uagb-columns__overlay\"><\/div><div class=\"uagb-columns__inner-wrap uagb-columns__columns-1\">\n\n<div class=\"wp-block-uagb-column uagb-column__wrap uagb-column__background-undefined uagb-block-2d18d85a\"><div class=\"uagb-column__overlay\"><\/div>\n\n<div class=\"wp-block-uagb-image uagb-block-a0852329 wp-block-uagb-image--layout-default wp-block-uagb-image--effect-static wp-block-uagb-image--align-none\"><figure class=\"wp-block-uagb-image__figure\"><img decoding=\"async\" srcset=\"http:\/\/mezcalmiquerencia.com\/wp-content\/uploads\/2023\/06\/Cenefa-1-1024x61.png \" sizes=\"(max-width: 480px) 150px\" src=\"http:\/\/mezcalmiquerencia.com\/wp-content\/uploads\/2023\/06\/Cenefa-1-1024x61.png\" alt=\"\" class=\"uag-image-1071\" width=\"1200\" height=\"58\" title=\"\" loading=\"lazy\"><\/figure><\/div>\n\n<\/div>\n\n<\/div><\/section>\n\n\n\n<div class=\"wp-block-media-text alignwide is-stacked-on-mobile\"><figure class=\"wp-block-media-text__media\"><img decoding=\"async\" loading=\"lazy\" width=\"1024\" height=\"657\" src=\"http:\/\/mezcalmiquerencia.com\/wp-content\/uploads\/2023\/05\/Barriles-y-botella-1024x657.jpg\" alt=\"\" class=\"wp-image-922 size-full\" srcset=\"https:\/\/mezcalmiquerencia.com\/wp-content\/uploads\/2023\/05\/Barriles-y-botella-1024x657.jpg 1024w, https:\/\/mezcalmiquerencia.com\/wp-content\/uploads\/2023\/05\/Barriles-y-botella-300x192.jpg 300w, https:\/\/mezcalmiquerencia.com\/wp-content\/uploads\/2023\/05\/Barriles-y-botella-768x493.jpg 768w, https:\/\/mezcalmiquerencia.com\/wp-content\/uploads\/2023\/05\/Barriles-y-botella-18x12.jpg 18w, https:\/\/mezcalmiquerencia.com\/wp-content\/uploads\/2023\/05\/Barriles-y-botella-600x385.jpg 600w, https:\/\/mezcalmiquerencia.com\/wp-content\/uploads\/2023\/05\/Barriles-y-botella.jpg 1066w\" sizes=\"(max-width: 1024px) 100vw, 1024px\" \/><\/figure><div class=\"wp-block-media-text__content\">\n<p class=\"has-text-align-center has-ast-global-color-2-color has-text-color has-roboto-font-family has-custom-font has-custom-weight has-custom-lineheight has-custom-letterspacing mb-0 pb-0 mt-0 pt-0\" style=\"font-family:Roboto;line-height:2.25;letter-spacing:1.3px;font-weight:300;font-size:20px\">Artisan Mezcal from Oaxaca, <strong>liquid craft<\/strong> from the distillation of the heart of the Espad\u00edn Agave species, with a complex production process that has been transformed over the generations for hundreds of years.<\/p>\n<\/div><\/div>\n\n\n\n<section class=\"wp-block-uagb-columns uagb-columns__wrap uagb-columns__background-none uagb-columns__stack-none uagb-columns__valign-center uagb-columns__gap-10 align uagb-block-63d3ef39 uagb-columns__columns-1 uagb-columns__max_width-custom\"><div class=\"uagb-columns__overlay\"><\/div><div class=\"uagb-columns__inner-wrap uagb-columns__columns-1\">\n\n<div class=\"wp-block-uagb-column uagb-column__wrap uagb-column__background-undefined uagb-block-3bf7a489\"><div class=\"uagb-column__overlay\"><\/div>\n\n<div class=\"wp-block-uagb-image aligncenter uagb-block-15ec8dc0 wp-block-uagb-image--layout-default wp-block-uagb-image--effect-static wp-block-uagb-image--align-center\"><figure class=\"wp-block-uagb-image__figure\"><img decoding=\"async\" srcset=\"http:\/\/mezcalmiquerencia.com\/wp-content\/uploads\/2023\/06\/Cenefa-2-1024x252.png \" sizes=\"(max-width: 480px) 150px\" src=\"http:\/\/mezcalmiquerencia.com\/wp-content\/uploads\/2023\/06\/Cenefa-2-1024x252.png\" alt=\"\" class=\"uag-image-1073\" width=\"523\" height=\"128\" title=\"\" loading=\"lazy\"><\/figure><\/div>\n\n<\/div>\n\n<\/div><\/section>\n\n\n\n<div class=\"wp-block-uagb-advanced-heading uagb-block-7fe6de3b\"><h2 class=\"uagb-heading-text\">Our Origin<\/h2><\/div>\n\n\n\n<div class=\"wp-block-media-text is-stacked-on-mobile\" style=\"grid-template-columns:39% auto\"><figure class=\"wp-block-media-text__media\"><img decoding=\"async\" loading=\"lazy\" width=\"768\" height=\"1024\" src=\"http:\/\/mezcalmiquerencia.com\/wp-content\/uploads\/2023\/05\/pexels-walter-alejandro-16360721-768x1024.jpg\" alt=\"\" class=\"wp-image-747 size-full\" srcset=\"https:\/\/mezcalmiquerencia.com\/wp-content\/uploads\/2023\/05\/pexels-walter-alejandro-16360721-768x1024.jpg 768w, https:\/\/mezcalmiquerencia.com\/wp-content\/uploads\/2023\/05\/pexels-walter-alejandro-16360721-225x300.jpg 225w, https:\/\/mezcalmiquerencia.com\/wp-content\/uploads\/2023\/05\/pexels-walter-alejandro-16360721-1152x1536.jpg 1152w, https:\/\/mezcalmiquerencia.com\/wp-content\/uploads\/2023\/05\/pexels-walter-alejandro-16360721-1536x2048.jpg 1536w, https:\/\/mezcalmiquerencia.com\/wp-content\/uploads\/2023\/05\/pexels-walter-alejandro-16360721-9x12.jpg 9w, https:\/\/mezcalmiquerencia.com\/wp-content\/uploads\/2023\/05\/pexels-walter-alejandro-16360721-600x800.jpg 600w, https:\/\/mezcalmiquerencia.com\/wp-content\/uploads\/2023\/05\/pexels-walter-alejandro-16360721-scaled.jpg 1920w\" sizes=\"(max-width: 768px) 100vw, 768px\" \/><\/figure><div class=\"wp-block-media-text__content\">\n<p class=\"has-text-align-center has-ast-global-color-2-color has-text-color has-roboto-font-family has-custom-font has-custom-weight has-custom-lineheight has-custom-letterspacing mb-0 pb-0 mt-0 pt-0\" style=\"font-family:Roboto;line-height:2.25;letter-spacing:1.3px;font-weight:300;font-size:20px\">With pride our origin in Santiago Matatl\u00e1n, Oaxaca, Pueblo M\u00e1gico, surrounded by huge hills that form a green tapestry during the rainy season. Famous for the Artisan production of Mexcalli (Cooked Maguey). The beginning of the preparation to obtain the Mezcal. It was inhabited by Zapotecs and Mixtecs at different times, which is why the cultural mix stands out.<\/p>\n<\/div><\/div>\n\n\n\n<section class=\"wp-block-uagb-columns uagb-columns__wrap uagb-columns__background-none uagb-columns__stack-mobile uagb-columns__valign-center uagb-columns__gap-10 align uagb-block-ad97b463 uagb-columns__columns-1 uagb-columns__max_width-theme\"><div class=\"uagb-columns__overlay\"><\/div><div class=\"uagb-columns__inner-wrap uagb-columns__columns-1\">\n\n<div class=\"wp-block-uagb-column uagb-column__wrap uagb-column__background-undefined uagb-block-7c1ca547\"><div class=\"uagb-column__overlay\"><\/div>\n\n<div class=\"wp-block-uagb-image aligncenter uagb-block-23cd304f wp-block-uagb-image--layout-default wp-block-uagb-image--effect-static wp-block-uagb-image--align-center\"><figure class=\"wp-block-uagb-image__figure\"><img decoding=\"async\" srcset=\"http:\/\/mezcalmiquerencia.com\/wp-content\/uploads\/2023\/06\/Cenefa-3-1024x252.png \" sizes=\"(max-width: 480px) 150px\" src=\"http:\/\/mezcalmiquerencia.com\/wp-content\/uploads\/2023\/06\/Cenefa-3-1024x252.png\" alt=\"\" class=\"uag-image-1074\" width=\"455\" height=\"111\" title=\"\" loading=\"lazy\"><\/figure><\/div>\n\n<\/div>\n\n<\/div><\/section>\n\n\n\n<div class=\"wp-block-uagb-container uagb-block-e799e678 alignfull uagb-is-root-container\"><div class=\"uagb-container-inner-blocks-wrap\">\n\n<div class=\"wp-block-uagb-advanced-heading uagb-block-8ce0e7db\"><h2 class=\"uagb-heading-text\">Our Process<\/h2><\/div>\n\n\n<div class=\"wp-block-media-text is-stacked-on-mobile is-vertically-aligned-center\"><figure class=\"wp-block-media-text__media\"><img decoding=\"async\" loading=\"lazy\" width=\"944\" height=\"1024\" src=\"http:\/\/mezcalmiquerencia.com\/wp-content\/uploads\/2023\/05\/Proceso-de-produccion-944x1024.png\" alt=\"\" class=\"wp-image-751 size-full\" srcset=\"https:\/\/mezcalmiquerencia.com\/wp-content\/uploads\/2023\/05\/Proceso-de-produccion-944x1024.png 944w, https:\/\/mezcalmiquerencia.com\/wp-content\/uploads\/2023\/05\/Proceso-de-produccion-276x300.png 276w, https:\/\/mezcalmiquerencia.com\/wp-content\/uploads\/2023\/05\/Proceso-de-produccion-768x833.png 768w, https:\/\/mezcalmiquerencia.com\/wp-content\/uploads\/2023\/05\/Proceso-de-produccion-11x12.png 11w, https:\/\/mezcalmiquerencia.com\/wp-content\/uploads\/2023\/05\/Proceso-de-produccion-600x651.png 600w, https:\/\/mezcalmiquerencia.com\/wp-content\/uploads\/2023\/05\/Proceso-de-produccion.png 1034w\" sizes=\"(max-width: 944px) 100vw, 944px\" \/><\/figure><div class=\"wp-block-media-text__content\">\n\n<p class=\"has-text-align-center has-ast-global-color-2-color has-text-color has-roboto-font-family has-custom-font has-custom-weight has-custom-lineheight has-custom-letterspacing mb-0 pb-0 mt-0 pt-0\" style=\"font-family:Roboto;line-height:2.25;letter-spacing:1.3px;font-weight:300;font-size:20px\">Our Pre-Hispanic technique that guarantees the flavor of<strong> Mezcal Mi Querencia.<\/strong><\/p>\n\n\n<p class=\"has-text-align-center has-ast-global-color-2-color has-text-color has-roboto-font-family has-custom-font has-custom-weight has-custom-lineheight has-custom-letterspacing mb-0 pb-0 mt-0 pt-0\" style=\"font-family:Roboto;line-height:2.25;letter-spacing:1.3px;font-weight:300;font-size:20px\">On the floor of the houses in Tepetate, a hole of two meters in diameter and three meters deep is made and filled with volcanic rocks and heated, accommodating the Maguey pineapples on top, after three days when they are already cooked, they are They are crushed and fermented in wooden vats. Once the process is finished, the pi\u00f1as are cooked in a steam that is condensed in another container to obtain the distilled mezcal.<\/p>\n\n<\/div><\/div>\n\n<\/div><\/div>","protected":false},"excerpt":{"rendered":"<p>Mezcal Artesanal de Oaxaca, Artesan\u00eda L\u00edquida de la destilaci\u00f3n del coraz\u00f3n del Agave especie Espad\u00edn, con un complejo proceso de producci\u00f3n que se ha ido transformando a lo largo de las generaciones desde hace cientos de a\u00f1os. Con orgullo nuestro origen en Santiago Matatl\u00e1n, Oaxaca, Pueblo M\u00e1gico, rodeado por enormes cerros que forman un verde &hellip;<\/p>\n<p class=\"read-more\"> <a class=\"\" href=\"https:\/\/mezcalmiquerencia.com\/en\/\"> <span class=\"screen-reader-text\">HOME<\/span> Read More &raquo;<\/a><\/p>","protected":false},"author":1,"featured_media":0,"parent":0,"menu_order":0,"comment_status":"closed","ping_status":"closed","template":"","meta":{"_coblocks_attr":"Roboto,Roboto","_coblocks_dimensions":"{\"coblocks-hero-49185027153\":{\"padding\":{}}}","_coblocks_responsive_height":"","_coblocks_accordion_ie_support":"","site-sidebar-layout":"no-sidebar","site-content-layout":"plain-container","ast-global-header-display":"","ast-main-header-display":"","ast-hfb-above-header-display":"","ast-hfb-below-header-display":"","ast-hfb-mobile-header-display":"","site-post-title":"disabled","ast-breadcrumbs-content":"","ast-featured-img":"","footer-sml-layout":"","theme-transparent-header-meta":"enabled","adv-header-id-meta":"","stick-header-meta":"","header-above-stick-meta":"","header-main-stick-meta":"","header-below-stick-meta":""},"_links":{"self":[{"href":"https:\/\/mezcalmiquerencia.com\/en\/wp-json\/wp\/v2\/pages\/615"}],"collection":[{"href":"https:\/\/mezcalmiquerencia.com\/en\/wp-json\/wp\/v2\/pages"}],"about":[{"href":"https:\/\/mezcalmiquerencia.com\/en\/wp-json\/wp\/v2\/types\/page"}],"author":[{"embeddable":true,"href":"https:\/\/mezcalmiquerencia.com\/en\/wp-json\/wp\/v2\/users\/1"}],"replies":[{"embeddable":true,"href":"https:\/\/mezcalmiquerencia.com\/en\/wp-json\/wp\/v2\/comments?post=615"}],"version-history":[{"count":124,"href":"https:\/\/mezcalmiquerencia.com\/en\/wp-json\/wp\/v2\/pages\/615\/revisions"}],"predecessor-version":[{"id":1260,"href":"https:\/\/mezcalmiquerencia.com\/en\/wp-json\/wp\/v2\/pages\/615\/revisions\/1260"}],"wp:attachment":[{"href":"https:\/\/mezcalmiquerencia.com\/en\/wp-json\/wp\/v2\/media?parent=615"}],"curies":[{"name":"wp","href":"https:\/\/api.w.org\/{rel}","templated":true}]}}