{"id":618,"date":"2021-05-12T04:59:15","date_gmt":"2021-05-12T04:59:15","guid":{"rendered":"http:\/\/mezcalmiquerencia.com\/contact-3\/"},"modified":"2024-07-22T18:58:12","modified_gmt":"2024-07-23T00:58:12","slug":"contact-3","status":"publish","type":"page","link":"https:\/\/mezcalmiquerencia.com\/en\/contact-3\/","title":{"rendered":"CONTACT"},"content":{"rendered":"<div class=\"wp-block-columns is-layout-flex wp-container-4\">\n<div class=\"wp-block-column is-vertically-aligned-bottom is-layout-flow\"><\/div>\n\n\n\n<div class=\"wp-block-column is-layout-flow\"><\/div>\n\n\n\n<div class=\"wp-block-column is-layout-flow\"><\/div>\n<\/div>\n\n\n\n<div class=\"wp-block-columns is-layout-flex wp-container-8\">\n<div class=\"wp-block-column is-vertically-aligned-bottom is-layout-flow\"><\/div>\n\n\n\n<div class=\"wp-block-column is-layout-flow\"><\/div>\n\n\n\n<div class=\"wp-block-column is-layout-flow\"><\/div>\n<\/div>\n\n\n\n<h2 class=\"wp-block-heading\">   CONT\u00c1CTANOS<\/h2>\n\n\n\n<div class=\"wp-block-columns is-layout-flex wp-container-12\">\n<div class=\"wp-block-column is-layout-flow\">\n<figure class=\"wp-block-image aligncenter size-full is-resized\"><img decoding=\"async\" loading=\"lazy\" src=\"http:\/\/mezcalmiquerencia.com\/wp-content\/uploads\/2024\/07\/Casa5deMayo-en-gris.png\" alt=\"\" class=\"wp-image-1224\" width=\"297\" height=\"235\" srcset=\"https:\/\/mezcalmiquerencia.com\/wp-content\/uploads\/2024\/07\/Casa5deMayo-en-gris.png 195w, https:\/\/mezcalmiquerencia.com\/wp-content\/uploads\/2024\/07\/Casa5deMayo-en-gris-15x12.png 15w\" sizes=\"(max-width: 297px) 100vw, 297px\" \/><\/figure>\n<\/div>\n\n\n\n<div class=\"wp-block-column is-vertically-aligned-center is-layout-flow\"><\/div>\n\n\n\n<div class=\"wp-block-column is-layout-flow\">\n<p><\/p>\n\n\n\n<figure class=\"wp-block-image aligncenter size-full\"><img decoding=\"async\" loading=\"lazy\" width=\"633\" height=\"394\" src=\"https:\/\/mezcalmiquerencia.com\/wp-content\/uploads\/2024\/07\/USGI-sin-fondo.png\" alt=\"\" class=\"wp-image-1228\" srcset=\"https:\/\/mezcalmiquerencia.com\/wp-content\/uploads\/2024\/07\/USGI-sin-fondo.png 633w, https:\/\/mezcalmiquerencia.com\/wp-content\/uploads\/2024\/07\/USGI-sin-fondo-300x187.png 300w, https:\/\/mezcalmiquerencia.com\/wp-content\/uploads\/2024\/07\/USGI-sin-fondo-18x12.png 18w, https:\/\/mezcalmiquerencia.com\/wp-content\/uploads\/2024\/07\/USGI-sin-fondo-600x373.png 600w\" sizes=\"(max-width: 633px) 100vw, 633px\" \/><\/figure>\n<\/div>\n<\/div>\n\n\n\n<p class=\"has-text-align-center has-ast-global-color-2-color has-text-color has-roboto-font-family has-custom-font has-custom-weight has-custom-lineheight has-custom-letterspacing\" style=\"font-family:Roboto;line-height:1;letter-spacing:1.5px;font-weight:300;font-size:26px\"><strong>Distribuidora de Origen Mexicano<\/strong><\/p>\n\n\n\n<p class=\"has-text-align-center has-ast-global-color-2-color has-text-color has-roboto-font-family has-custom-font has-custom-weight has-custom-lineheight has-custom-letterspacing\" style=\"font-family:Roboto;line-height:1;letter-spacing:1.3px;font-weight:300;font-size:26px\"><strong>Tel\u00e9fono 22 16 57 38 73<\/strong><\/p>\n\n\n\n<p class=\"has-text-align-center has-ast-global-color-2-color has-text-color has-roboto-font-family has-custom-font has-custom-weight has-custom-lineheight has-custom-letterspacing\" style=\"font-family:Roboto;line-height:1;letter-spacing:1.3px;font-weight:300;font-size:26px\"><a href=\"mailto:ventas@universalsellergi.com\" target=\"_blank\" rel=\"noreferrer noopener\">ventas@universalsellergi.com<\/a><\/p>\n\n\n\n<p class=\"has-text-align-center has-ast-global-color-2-color has-text-color has-roboto-font-family has-custom-font has-custom-weight has-custom-lineheight has-custom-letterspacing\" style=\"font-family:Roboto;line-height:2.25;letter-spacing:1.3px;font-weight:300;font-size:26px\"><strong>Santo Ni\u00f1o de Macuila # 3426, Col. San Antonio Cacalotepec C.P. 40828, San Andr\u00e9s Cholula, Puebla, M\u00e9xico.<\/strong><\/p>\n\n\n\t\t<div id=\"wpmapblock_eae7f0ea\" data-settings='{&quot;map_marker&quot;:[{&quot;lat&quot;:&quot;19.008121350217188&quot;,&quot;lng&quot;:&quot;-98.27753150676212&quot;,&quot;title&quot;:&quot;Universal Seller GI&quot;,&quot;content&quot;:&quot;Santo Ni\\u00f1o de Macuila 3426, 72828 Puebla, Pue.\\n19.008121350217188, -98.27753150676212&quot;,&quot;iconType&quot;:&quot;default&quot;,&quot;customIconUrl&quot;:&quot;http:\\\/\\\/mezcalmiquerencia.com\\\/wp-content\\\/uploads\\\/2023\\\/05\\\/USGI.png&quot;,&quot;customIconWidth&quot;:&quot;51&quot;,&quot;customIconHeight&quot;:&quot;40&quot;}],&quot;map_zoom&quot;:&quot;20&quot;,&quot;scroll_wheel_zoom&quot;:false,&quot;map_type&quot;:&quot;GM&quot;,&quot;center_index&quot;:0}' class=\"wpmapblockrender\" style=\"\t\t\twidth: 100%;\t\t\theight: 741px;\t\t\"><\/div>","protected":false},"excerpt":{"rendered":"<p>CONT\u00c1CTANOS Distribuidora de Origen Mexicano Tel\u00e9fono 22 16 57 38 73 ventas@universalsellergi.com Santo Ni\u00f1o de Macuila # 3426, Col. San Antonio Cacalotepec C.P. 40828, San Andr\u00e9s Cholula, Puebla, M\u00e9xico.<\/p>","protected":false},"author":1,"featured_media":0,"parent":0,"menu_order":0,"comment_status":"closed","ping_status":"closed","template":"","meta":{"_coblocks_attr":"Roboto,Roboto","_coblocks_dimensions":"","_coblocks_responsive_height":"","_coblocks_accordion_ie_support":"","site-sidebar-layout":"no-sidebar","site-content-layout":"plain-container","ast-global-header-display":"","ast-main-header-display":"","ast-hfb-above-header-display":"","ast-hfb-below-header-display":"","ast-hfb-mobile-header-display":"","site-post-title":"disabled","ast-breadcrumbs-content":"","ast-featured-img":"","footer-sml-layout":"","theme-transparent-header-meta":"enabled","adv-header-id-meta":"","stick-header-meta":"","header-above-stick-meta":"","header-main-stick-meta":"","header-below-stick-meta":""},"_links":{"self":[{"href":"https:\/\/mezcalmiquerencia.com\/en\/wp-json\/wp\/v2\/pages\/618"}],"collection":[{"href":"https:\/\/mezcalmiquerencia.com\/en\/wp-json\/wp\/v2\/pages"}],"about":[{"href":"https:\/\/mezcalmiquerencia.com\/en\/wp-json\/wp\/v2\/types\/page"}],"author":[{"embeddable":true,"href":"https:\/\/mezcalmiquerencia.com\/en\/wp-json\/wp\/v2\/users\/1"}],"replies":[{"embeddable":true,"href":"https:\/\/mezcalmiquerencia.com\/en\/wp-json\/wp\/v2\/comments?post=618"}],"version-history":[{"count":31,"href":"https:\/\/mezcalmiquerencia.com\/en\/wp-json\/wp\/v2\/pages\/618\/revisions"}],"predecessor-version":[{"id":1229,"href":"https:\/\/mezcalmiquerencia.com\/en\/wp-json\/wp\/v2\/pages\/618\/revisions\/1229"}],"wp:attachment":[{"href":"https:\/\/mezcalmiquerencia.com\/en\/wp-json\/wp\/v2\/media?parent=618"}],"curies":[{"name":"wp","href":"https:\/\/api.w.org\/{rel}","templated":true}]}}