{"id":709,"date":"2023-05-05T18:22:22","date_gmt":"2023-05-06T00:22:22","guid":{"rendered":"http:\/\/mezcalmiquerencia.com\/?page_id=709"},"modified":"2024-08-02T17:14:56","modified_gmt":"2024-08-02T23:14:56","slug":"nuestra-botella","status":"publish","type":"page","link":"https:\/\/mezcalmiquerencia.com\/en\/nuestra-botella\/","title":{"rendered":"OUR BOTTLE"},"content":{"rendered":"<div class=\"wp-block-media-text alignwide is-stacked-on-mobile\"><figure class=\"wp-block-media-text__media\"><img decoding=\"async\" loading=\"lazy\" width=\"433\" height=\"577\" src=\"http:\/\/mezcalmiquerencia.com\/wp-content\/uploads\/2023\/05\/MezcalMMQ-SF.png\" alt=\"\" class=\"wp-image-944 size-full\" srcset=\"https:\/\/mezcalmiquerencia.com\/wp-content\/uploads\/2023\/05\/MezcalMMQ-SF.png 433w, https:\/\/mezcalmiquerencia.com\/wp-content\/uploads\/2023\/05\/MezcalMMQ-SF-225x300.png 225w, https:\/\/mezcalmiquerencia.com\/wp-content\/uploads\/2023\/05\/MezcalMMQ-SF-9x12.png 9w\" sizes=\"(max-width: 433px) 100vw, 433px\" \/><\/figure><div class=\"wp-block-media-text__content\">\n<p class=\"has-text-align-center has-ast-global-color-2-color has-text-color has-roboto-font-family has-custom-font has-custom-weight has-custom-lineheight has-custom-letterspacing\" style=\"font-family:Roboto;line-height:2;letter-spacing:1.5px;font-weight:500;font-size:20px\"><strong>\u00a1Esta Botella es una Obra de Arte, y como tal est\u00e1 sujeto a varias interpretaciones y significados tanto los que inspiraron al artista como los que inspira en los espectadores proyectando sus propias motivaciones, siendo el reflejo de su imaginaci\u00f3n y lo que te hace sentir!<\/strong>          Two traditions merge in a bottle where the ancestral elixir produced by the master craftsmen of <strong>Oaxaca<\/strong> they turn the agave into mezcal through rites and traditions that are passed down from generation to generation to this day, poured into a bottle that is made in the city of Puebla using the knowledge and traditions of the old talavera makers, beautifully adorned with these reasons; to put this tradition at the forefront with details in 24-carat gold to make the experience of the <strong>Mezcal Mi Querencia<\/strong>, en una botella singular producida y decorada de manera manual por artesanos deseosos de poder transmitir al mundo su subsistencia al continuar presentes en la actualidad, desarrollando artesan\u00edas representativas, y ensalzando nuestras tradiciones, siendo la talavera un canto al arte.                                                            &#8220;La botella est\u00e1 elaborada de manera manual por artesanos, no es una pieza industrial y por ello puede tener variaciones muy sutiles en formas, tama\u00f1os figuras o colores&#8221;.  El color azul cobalto es el tradicional, caracter\u00edstico y propio con el que se adorna la mayor\u00eda de las creaciones en el arte de la talavera, buscando con ello representar esta bella tradici\u00f3n para deleite y orgullo de los amantes de este arte, represent\u00e1ndola con orgullo en todos los lugares a los que llegue esta botella.Las figuras que flanquean la botella son en su conjunto, la figura de unas alas o \u201cPlumeado\u201d, que es como se les conoce a las pinceladas que la forman, mismas que forman y emulan las alas de los \u00e1ngeles, quienes fueron los que ayudaron a la colocaci\u00f3n de las campanas de la catedral de la ciudad de Puebla y que son las que identifican a la Puebla de los \u00e1ngeles, la Angel\u00f3polis, \u201cla Ciudad de los \u00c1ngeles\u201d.  Las alas en los costados (como \u00e1ngeles), hacen que vuele la botella por encima de todo y de todos, por encima de todas las situaciones, dificultades, vicisitudes y escollos, sobresaliendo como los \u00e1ngeles como gracia divina.<\/p>\n<\/div><\/div>\n\n\n\n<div class=\"wp-block-uagb-container uagb-block-8ceb5636 alignfull uagb-is-root-container\"><div class=\"uagb-container-inner-blocks-wrap\">\n\n<section class=\"wp-block-uagb-columns uagb-columns__wrap uagb-columns__background-none uagb-columns__stack-mobile uagb-columns__valign-center uagb-columns__gap-10 align uagb-block-75dabd02 uagb-columns__columns-1 uagb-columns__max_width-theme\"><div class=\"uagb-columns__overlay\"><\/div><div class=\"uagb-columns__inner-wrap uagb-columns__columns-1\">\n\n<div class=\"wp-block-uagb-column uagb-column__wrap uagb-column__background-undefined uagb-block-e68082aa\"><div class=\"uagb-column__overlay\"><\/div>\n\n<div class=\"wp-block-uagb-image aligncenter uagb-block-d3fc460a wp-block-uagb-image--layout-default wp-block-uagb-image--effect-static wp-block-uagb-image--align-center\"><figure class=\"wp-block-uagb-image__figure\"><img decoding=\"async\" srcset=\"http:\/\/mezcalmiquerencia.com\/wp-content\/uploads\/2023\/06\/Cenefa-3-1-1024x252.png \" sizes=\"(max-width: 480px) 150px\" src=\"http:\/\/mezcalmiquerencia.com\/wp-content\/uploads\/2023\/06\/Cenefa-3-1-1024x252.png\" alt=\"\" class=\"uag-image-1076\" width=\"444\" height=\"80\" title=\"\" loading=\"lazy\"><\/figure><\/div>\n\n<\/div>\n\n<\/div><\/section>\n\n<\/div><\/div>\n\n\n\n<section class=\"wp-block-uagb-columns uagb-columns__wrap uagb-columns__background-none uagb-columns__stack-mobile uagb-columns__valign- uagb-columns__gap-10 align uagb-block-8807c8cc uagb-columns__columns-2 uagb-columns__max_width-theme\"><div class=\"uagb-columns__overlay\"><\/div><div class=\"uagb-columns__inner-wrap uagb-columns__columns-2\">\n\n<div class=\"wp-block-uagb-column uagb-column__wrap uagb-column__background-undefined uagb-block-af94fe7d\"><div class=\"uagb-column__overlay\"><\/div>\n\n<p class=\"has-text-align-center has-ast-global-color-2-color has-text-color has-roboto-font-family has-custom-font has-custom-weight has-custom-lineheight has-custom-letterspacing\" style=\"font-family:Roboto;line-height:2.23;letter-spacing:1.3px;font-weight:300;font-size:26px\">OUR BRAND<\/p>\n\n\n<div class=\"wp-block-uagb-image aligncenter uagb-block-8adf2041 wp-block-uagb-image--layout-default wp-block-uagb-image--effect-static wp-block-uagb-image--align-center\"><figure class=\"wp-block-uagb-image__figure\"><img decoding=\"async\" srcset=\"http:\/\/mezcalmiquerencia.com\/wp-content\/uploads\/2023\/05\/logo-MMQ-sin-fondo-16may23.png \" sizes=\"(max-width: 480px) 150px\" src=\"http:\/\/mezcalmiquerencia.com\/wp-content\/uploads\/2023\/05\/logo-MMQ-sin-fondo-16may23.png\" alt=\"\" class=\"uag-image-1060\" width=\"249\" height=\"288\" title=\"\" loading=\"lazy\"><\/figure><\/div>\n\n\n<div class=\"wp-block-uagb-image aligncenter uagb-block-6eafead5 wp-block-uagb-image--layout-default wp-block-uagb-image--effect-static wp-block-uagb-image--align-center\"><figure class=\"wp-block-uagb-image__figure\"><img decoding=\"async\" srcset=\"http:\/\/mezcalmiquerencia.com\/wp-content\/uploads\/2023\/05\/LEYENDA-MEZCAL-MI-QUERENCIA-16MAY23-PNG.png \" sizes=\"(max-width: 480px) 150px\" src=\"http:\/\/mezcalmiquerencia.com\/wp-content\/uploads\/2023\/05\/LEYENDA-MEZCAL-MI-QUERENCIA-16MAY23-PNG.png\" alt=\"\" class=\"uag-image-946\" width=\"339\" height=\"120\" title=\"\" loading=\"lazy\"><\/figure><\/div>\n\n<\/div>\n\n\n<div class=\"wp-block-uagb-column uagb-column__wrap uagb-column__background-undefined uagb-block-ab958076\"><div class=\"uagb-column__overlay\"><\/div>\n\n<p class=\"has-text-align-center has-ast-global-color-2-color has-text-color has-roboto-font-family has-custom-font has-custom-weight has-custom-lineheight has-custom-letterspacing\" style=\"font-family:Roboto;line-height:2.23;letter-spacing:1.3px;font-weight:300;font-size:20px\">My Querencia represents what is wanted, what is loved, what is missed and desired to be close, what is longed for, that produces nostalgia, is that for which something extraordinary has been done, a sacrifice, a great effort but that it is known that it is worthwhile, that it rewards, that it is appreciated, that it is recognized, valued and admired, and for this very reason it has a unique place in our lives. <strong>The Querencia<\/strong>. It is what makes us get out of our comfort zone, what makes us find more ingenious solutions, makes us run the extra mile, what brings out the drop of sweat that had already been given, that last effort, the last pull, that extraordinary courage that purifies us in the fire of success and in the embers of triumph.<\/p>\n\n<\/div>\n\n<\/div><\/section>\n\n\n\n<div class=\"wp-block-uagb-container uagb-block-f03fc1c6 alignfull uagb-is-root-container\"><div class=\"uagb-container-inner-blocks-wrap\">\n\n<section class=\"wp-block-uagb-columns uagb-columns__wrap uagb-columns__background-image uagb-columns__stack-mobile uagb-columns__valign-center uagb-columns__gap-10 alignfull uagb-block-841987fa uagb-columns__columns-1 uagb-columns__max_width-theme\"><div class=\"uagb-columns__overlay\"><\/div><div class=\"uagb-columns__inner-wrap uagb-columns__columns-1\">\n\n<div class=\"wp-block-uagb-column uagb-column__wrap uagb-column__background-undefined uagb-block-d93f8604\"><div class=\"uagb-column__overlay\"><\/div>\n\n<div class=\"wp-block-uagb-image uagb-block-b2b349d5 wp-block-uagb-image--layout-default wp-block-uagb-image--effect-static wp-block-uagb-image--align-none\"><figure class=\"wp-block-uagb-image__figure\"><img decoding=\"async\" srcset=\"http:\/\/mezcalmiquerencia.com\/wp-content\/uploads\/2023\/06\/Cenefa-1-1024x61.png \" sizes=\"(max-width: 480px) 150px\" src=\"http:\/\/mezcalmiquerencia.com\/wp-content\/uploads\/2023\/06\/Cenefa-1-1024x61.png\" alt=\"\" class=\"uag-image-1071\" width=\"1024\" height=\"61\" title=\"\" loading=\"lazy\"><\/figure><\/div>\n\n<\/div>\n\n<\/div><\/section>\n\n<\/div><\/div>\n\n\n\n<section class=\"wp-block-uagb-columns uagb-columns__wrap uagb-columns__background-none uagb-columns__stack-mobile uagb-columns__valign- uagb-columns__gap-10 align uagb-block-64bf1e96 uagb-columns__columns-2 uagb-columns__max_width-theme\"><div class=\"uagb-columns__overlay\"><\/div><div class=\"uagb-columns__inner-wrap uagb-columns__columns-2\">\n\n<div class=\"wp-block-uagb-column uagb-column__wrap uagb-column__background-undefined uagb-block-e1cf73f8\"><div class=\"uagb-column__overlay\"><\/div>\n\n<p class=\"has-text-align-center has-ast-global-color-2-color has-text-color has-roboto-font-family has-custom-font has-custom-weight has-custom-lineheight has-custom-letterspacing\" style=\"font-family:Roboto;line-height:2.25;letter-spacing:1.3px;font-weight:300;font-size:26px\">OUR BOX<\/p>\n\n\n<div class=\"wp-block-uagb-image aligncenter uagb-block-7a44e91d wp-block-uagb-image--layout-default wp-block-uagb-image--effect-static wp-block-uagb-image--align-center\"><figure class=\"wp-block-uagb-image__figure\"><img decoding=\"async\" srcset=\"http:\/\/mezcalmiquerencia.com\/wp-content\/uploads\/2023\/05\/Caja-MiQuerencia-1024x683.png \" sizes=\"(max-width: 480px) 150px\" src=\"http:\/\/mezcalmiquerencia.com\/wp-content\/uploads\/2023\/05\/Caja-MiQuerencia-1024x683.png\" alt=\"\" class=\"uag-image-909\" width=\"464\" height=\"309\" title=\"\" loading=\"lazy\"><\/figure><\/div>\n\n<\/div>\n\n\n<div class=\"wp-block-uagb-column uagb-column__wrap uagb-column__background-undefined uagb-block-12a506a7\"><div class=\"uagb-column__overlay\"><\/div>\n\n<p class=\"has-text-align-center has-ast-global-color-2-color has-text-color has-roboto-font-family has-custom-font has-custom-weight has-custom-lineheight has-custom-letterspacing\" style=\"font-family:Roboto;line-height:2.25;letter-spacing:1.3px;font-weight:300;font-size:20px\">The \u201cUnique\u201d box, like the bottle that carries, protects and brings the MMQ bottle to the world, beautifully decorated with Talavera motifs, presents us in advance what it contains, as well as its identity and that it is part of our roots, the Popocat\u00e9petl and the Iztacc\u00edhuatl, these two colossi being the guardians who greeted us every day letting us know our origin and belonging; wanting to continue present with its fumaroles telling us continue forward, your root and my only one root is Mexico!<\/p>\n\n<\/div>\n\n<\/div><\/section>\n\n\n\n<div class=\"wp-block-uagb-container uagb-block-1de55f89 alignfull uagb-is-root-container\"><div class=\"uagb-container-inner-blocks-wrap\">\n\n<section class=\"wp-block-uagb-columns uagb-columns__wrap uagb-columns__background-none uagb-columns__stack-mobile uagb-columns__valign-center uagb-columns__gap-10 align uagb-block-5c5c6a81 uagb-columns__columns-1 uagb-columns__max_width-theme\"><div class=\"uagb-columns__overlay\"><\/div><div class=\"uagb-columns__inner-wrap uagb-columns__columns-1\">\n\n<div class=\"wp-block-uagb-column uagb-column__wrap uagb-column__background-undefined uagb-block-80dc06b3\"><div class=\"uagb-column__overlay\"><\/div>\n\n<div class=\"wp-block-uagb-image aligncenter uagb-block-f965751b wp-block-uagb-image--layout-default wp-block-uagb-image--effect-static wp-block-uagb-image--align-center\"><figure class=\"wp-block-uagb-image__figure\"><img decoding=\"async\" srcset=\"http:\/\/mezcalmiquerencia.com\/wp-content\/uploads\/2023\/06\/Cenefa-2-1024x252.png \" sizes=\"(max-width: 480px) 150px\" src=\"http:\/\/mezcalmiquerencia.com\/wp-content\/uploads\/2023\/06\/Cenefa-2-1024x252.png\" alt=\"\" class=\"uag-image-1073\" width=\"496\" height=\"122\" title=\"\" loading=\"lazy\"><\/figure><\/div>\n\n<\/div>\n\n<\/div><\/section>\n\n<\/div><\/div>\n\n\n\n<p><\/p>","protected":false},"excerpt":{"rendered":"<p>\u00a1Esta Botella es una Obra de Arte, y como tal est\u00e1 sujeto a varias interpretaciones y significados tanto los que inspiraron al artista como los que inspira en los espectadores proyectando sus propias motivaciones, siendo el reflejo de su imaginaci\u00f3n y lo que te hace sentir! Dos tradiciones se fusionan en una botella donde el &hellip;<\/p>\n<p class=\"read-more\"> <a class=\"\" href=\"https:\/\/mezcalmiquerencia.com\/en\/nuestra-botella\/\"> <span class=\"screen-reader-text\">OUR BOTTLE<\/span> Read More &raquo;<\/a><\/p>","protected":false},"author":1,"featured_media":0,"parent":0,"menu_order":0,"comment_status":"closed","ping_status":"closed","template":"","meta":{"_coblocks_attr":"Roboto,Roboto","_coblocks_dimensions":"","_coblocks_responsive_height":"","_coblocks_accordion_ie_support":"","site-sidebar-layout":"default","site-content-layout":"default","ast-global-header-display":"","ast-main-header-display":"","ast-hfb-above-header-display":"","ast-hfb-below-header-display":"","ast-hfb-mobile-header-display":"","site-post-title":"","ast-breadcrumbs-content":"","ast-featured-img":"","footer-sml-layout":"","theme-transparent-header-meta":"","adv-header-id-meta":"","stick-header-meta":"","header-above-stick-meta":"","header-main-stick-meta":"","header-below-stick-meta":""},"_links":{"self":[{"href":"https:\/\/mezcalmiquerencia.com\/en\/wp-json\/wp\/v2\/pages\/709"}],"collection":[{"href":"https:\/\/mezcalmiquerencia.com\/en\/wp-json\/wp\/v2\/pages"}],"about":[{"href":"https:\/\/mezcalmiquerencia.com\/en\/wp-json\/wp\/v2\/types\/page"}],"author":[{"embeddable":true,"href":"https:\/\/mezcalmiquerencia.com\/en\/wp-json\/wp\/v2\/users\/1"}],"replies":[{"embeddable":true,"href":"https:\/\/mezcalmiquerencia.com\/en\/wp-json\/wp\/v2\/comments?post=709"}],"version-history":[{"count":41,"href":"https:\/\/mezcalmiquerencia.com\/en\/wp-json\/wp\/v2\/pages\/709\/revisions"}],"predecessor-version":[{"id":1232,"href":"https:\/\/mezcalmiquerencia.com\/en\/wp-json\/wp\/v2\/pages\/709\/revisions\/1232"}],"wp:attachment":[{"href":"https:\/\/mezcalmiquerencia.com\/en\/wp-json\/wp\/v2\/media?parent=709"}],"curies":[{"name":"wp","href":"https:\/\/api.w.org\/{rel}","templated":true}]}}